{"id":1678,"date":"2023-05-22T22:43:54","date_gmt":"2023-05-22T20:43:54","guid":{"rendered":"https:\/\/www.filipknazek.eu\/?page_id=1678"},"modified":"2024-06-03T11:38:08","modified_gmt":"2024-06-03T09:38:08","slug":"ako-prechadzka-prebieha","status":"publish","type":"page","link":"https:\/\/www.filipknazek.eu\/en\/how-does-it-work\/","title":{"rendered":"How does it work?"},"content":{"rendered":"<div data-elementor-type=\"wp-page\" data-elementor-id=\"1678\" class=\"elementor elementor-1678\" data-elementor-post-type=\"page\">\n\t\t\t\t\t\t<section class=\"elementor-section elementor-top-section elementor-element elementor-element-2968951 elementor-section-full_width elementor-section-height-min-height elementor-section-content-middle elementor-section-items-stretch elementor-section-height-default\" data-id=\"2968951\" data-element_type=\"section\" data-e-type=\"section\" data-settings=\"{&quot;background_background&quot;:&quot;classic&quot;}\">\n\t\t\t\t\t\t<div class=\"elementor-container elementor-column-gap-default\">\n\t\t\t\t\t<div class=\"elementor-column elementor-col-100 elementor-top-column elementor-element elementor-element-2cfd423\" data-id=\"2cfd423\" data-element_type=\"column\" data-e-type=\"column\" data-settings=\"{&quot;background_background&quot;:&quot;slideshow&quot;,&quot;background_slideshow_gallery&quot;:[],&quot;background_slideshow_loop&quot;:&quot;yes&quot;,&quot;background_slideshow_slide_duration&quot;:5000,&quot;background_slideshow_slide_transition&quot;:&quot;fade&quot;,&quot;background_slideshow_transition_duration&quot;:500}\">\n\t\t\t<div class=\"elementor-widget-wrap elementor-element-populated\">\n\t\t\t\t\t\t<div class=\"elementor-element elementor-element-bd3d097 elementor-widget elementor-widget-heading\" data-id=\"bd3d097\" data-element_type=\"widget\" data-e-type=\"widget\" data-widget_type=\"heading.default\">\n\t\t\t\t<div class=\"elementor-widget-container\">\n\t\t\t\t\t<h1 class=\"elementor-heading-title elementor-size-default\">How does it work?\n<\/h1>\t\t\t\t<\/div>\n\t\t\t\t<\/div>\n\t\t\t\t\t<\/div>\n\t\t<\/div>\n\t\t\t\t\t<\/div>\n\t\t<\/section>\n\t\t\t\t<section class=\"elementor-section elementor-top-section elementor-element elementor-element-2720290 elementor-section-full_width elementor-section-height-default elementor-section-height-default\" data-id=\"2720290\" data-element_type=\"section\" data-e-type=\"section\" data-settings=\"{&quot;background_background&quot;:&quot;classic&quot;}\">\n\t\t\t\t\t\t<div class=\"elementor-container elementor-column-gap-default\">\n\t\t\t\t\t<div class=\"elementor-column elementor-col-100 elementor-top-column elementor-element elementor-element-cf4b9b2\" data-id=\"cf4b9b2\" data-element_type=\"column\" data-e-type=\"column\" data-settings=\"{&quot;background_background&quot;:&quot;classic&quot;}\">\n\t\t\t<div class=\"elementor-widget-wrap elementor-element-populated\">\n\t\t\t\t\t\t<div class=\"elementor-element elementor-element-0029165 elementor-widget elementor-widget-heading\" data-id=\"0029165\" data-element_type=\"widget\" data-e-type=\"widget\" data-widget_type=\"heading.default\">\n\t\t\t\t<div class=\"elementor-widget-container\">\n\t\t\t\t\t<h1 class=\"elementor-heading-title elementor-size-default\">What to expect<\/h1>\t\t\t\t<\/div>\n\t\t\t\t<\/div>\n\t\t\t\t\t<\/div>\n\t\t<\/div>\n\t\t\t\t\t<\/div>\n\t\t<\/section>\n\t\t\t\t<section class=\"elementor-section elementor-top-section elementor-element elementor-element-9f8ac36 elementor-section-boxed elementor-section-height-default elementor-section-height-default\" data-id=\"9f8ac36\" data-element_type=\"section\" data-e-type=\"section\" data-settings=\"{&quot;background_background&quot;:&quot;classic&quot;}\">\n\t\t\t\t\t\t<div class=\"elementor-container elementor-column-gap-default\">\n\t\t\t\t\t<div class=\"elementor-column elementor-col-100 elementor-top-column elementor-element elementor-element-4de9e14\" data-id=\"4de9e14\" data-element_type=\"column\" data-e-type=\"column\" data-settings=\"{&quot;background_background&quot;:&quot;classic&quot;}\">\n\t\t\t<div class=\"elementor-widget-wrap elementor-element-populated\">\n\t\t\t\t\t\t<div class=\"elementor-element elementor-element-2b499a8 elementor-align-center elementor-widget__width-initial elementor-widget elementor-widget-button\" data-id=\"2b499a8\" data-element_type=\"widget\" data-e-type=\"widget\" data-widget_type=\"button.default\">\n\t\t\t\t<div class=\"elementor-widget-container\">\n\t\t\t\t\t\t\t\t\t<div class=\"elementor-button-wrapper\">\n\t\t\t\t\t<a class=\"elementor-button elementor-button-link elementor-size-sm\" href=\"https:\/\/www.filipknazek.eu\/en\/guidance\/\">\n\t\t\t\t\t\t<span class=\"elementor-button-content-wrapper\">\n\t\t\t\t\t\t\t\t\t<span class=\"elementor-button-text\">Basic information about the walks and their goals<\/span>\n\t\t\t\t\t<\/span>\n\t\t\t\t\t<\/a>\n\t\t\t\t<\/div>\n\t\t\t\t\t\t\t\t<\/div>\n\t\t\t\t<\/div>\n\t\t\t\t<div class=\"elementor-element elementor-element-2ab1767 elementor-widget__width-initial elementor-widget elementor-widget-text-editor\" data-id=\"2ab1767\" data-element_type=\"widget\" data-e-type=\"widget\" data-widget_type=\"text-editor.default\">\n\t\t\t\t<div class=\"elementor-widget-container\">\n\t\t\t\t\t\t\t\t\t<p><span style=\"font-size: 16px; background-color: var( --e-global-color-7b1af5ba );\">Walks are intended for all adults who are not afraid of nature. I organize walks for the public, where new and unknown people can meet and inspire each other; I also organize walks for  closed groups, work teams, close friends or families, couples, and individuals.<\/span><\/p><p><span style=\"font-size: 16px; background-color: var( --e-global-color-7b1af5ba );\">The walks have a self-development intention and potential and can also have a therapeutic undertone. However, they are not therapy as such!<\/span><\/p>\n<p><span style=\"background-color: var( --e-global-color-7b1af5ba ); font-size: 16px;\">During the walk (in motion), we will work and think in groups, pairs, and individually. At the same time, we will listen to the forest and nature and spend moments in silence and solitude, just with nature. At some stops, we will try games and other activities.<\/span><\/p>\n<p><span style=\"background-color: var( --e-global-color-7b1af5ba ); font-size: 16px;\">Come if time spent in nature makes sense to you and you want to connect more with yourself through nature, with your needs, feelings, physical body, but also with others. The aim of the walk is not to solve lifelong troubles and problems in 3 hours, but to straighten out your thoughts and gain a new perspective for further solutions.<\/span><\/p>\n<p><span style=\"font-size: 16px; background-color: var( --e-global-color-7b1af5ba );\">The self-discovery walk is not designed as demanding hiking, but it will not be a walk in the park either. Almost everyone can manage it (however, it will not be an barrier-free route). The location of the walk is always different. The walk is conducted in Slovak and usually lasts 2-3 hours. Bring with you an open mind and heart.<\/span><\/p>\n<p><span style=\"font-size: 16px; background-color: var( --e-global-color-7b1af5ba );\">All the important information you will need, I will send to you before the walk and remind you again at the beginning of it.<\/span><\/p>\t\t\t\t\t\t\t\t<\/div>\n\t\t\t\t<\/div>\n\t\t\t\t\t<\/div>\n\t\t<\/div>\n\t\t\t\t\t<\/div>\n\t\t<\/section>\n\t\t<div class=\"elementor-element elementor-element-db05c44 e-flex e-con-boxed e-con e-parent\" data-id=\"db05c44\" data-element_type=\"container\" data-e-type=\"container\" data-settings=\"{&quot;background_background&quot;:&quot;classic&quot;}\">\n\t\t\t\t\t<div class=\"e-con-inner\">\n\t\t\t\t<div class=\"elementor-element elementor-element-c6a093b elementor-widget__width-initial elementor-widget elementor-widget-image\" data-id=\"c6a093b\" data-element_type=\"widget\" data-e-type=\"widget\" data-widget_type=\"image.default\">\n\t\t\t\t<div class=\"elementor-widget-container\">\n\t\t\t\t\t\t\t\t\t\t\t\t\t\t\t\t<a href=\"https:\/\/www.filipknazek.eu\/wp-content\/uploads\/2023\/09\/IMG_0094.jpeg\" data-elementor-open-lightbox=\"yes\" data-elementor-lightbox-title=\"IMG_0094\" data-e-action-hash=\"#elementor-action%3Aaction%3Dlightbox%26settings%3DeyJpZCI6MzE2MSwidXJsIjoiaHR0cHM6XC9cL3d3dy5maWxpcGtuYXplay5ldVwvd3AtY29udGVudFwvdXBsb2Fkc1wvMjAyM1wvMDlcL0lNR18wMDk0LmpwZWcifQ%3D%3D\">\n\t\t\t\t\t\t\t<img decoding=\"async\" src=\"https:\/\/www.filipknazek.eu\/wp-content\/uploads\/elementor\/thumbs\/IMG_0094-qk8rgja22l4s1jgdzcx70prexu96qdz5ilnz7edu48.jpeg\" title=\"IMG_0094\" alt=\"IMG_0094\" loading=\"lazy\" \/>\t\t\t\t\t\t\t\t<\/a>\n\t\t\t\t\t\t\t\t\t\t\t\t\t\t\t<\/div>\n\t\t\t\t<\/div>\n\t\t\t\t\t<\/div>\n\t\t\t\t<\/div>\n\t\t\t\t<section class=\"elementor-section elementor-top-section elementor-element elementor-element-1ef27d1 elementor-section-boxed elementor-section-height-default elementor-section-height-default\" data-id=\"1ef27d1\" data-element_type=\"section\" data-e-type=\"section\" data-settings=\"{&quot;background_background&quot;:&quot;classic&quot;}\">\n\t\t\t\t\t\t<div class=\"elementor-container elementor-column-gap-default\">\n\t\t\t\t\t<div class=\"elementor-column elementor-col-100 elementor-top-column elementor-element elementor-element-8057373\" data-id=\"8057373\" data-element_type=\"column\" data-e-type=\"column\" data-settings=\"{&quot;background_background&quot;:&quot;classic&quot;}\">\n\t\t\t<div class=\"elementor-widget-wrap elementor-element-populated\">\n\t\t\t\t\t\t<div class=\"elementor-element elementor-element-a4c1ba7 elementor-widget elementor-widget-text-editor\" data-id=\"a4c1ba7\" data-element_type=\"widget\" data-e-type=\"widget\" data-widget_type=\"text-editor.default\">\n\t\t\t\t<div class=\"elementor-widget-container\">\n\t\t\t\t\t\t\t\t\t<p>I can tailor the walk to your needs. By arrangement, it is possible to create a full-day, or weekend\/multi-day walk\/hike including various self-development and relaxation activities and sharing, for you, your team, your colleagues, friends, or family.<\/p>\t\t\t\t\t\t\t\t<\/div>\n\t\t\t\t<\/div>\n\t\t\t\t\t<\/div>\n\t\t<\/div>\n\t\t\t\t\t<\/div>\n\t\t<\/section>\n\t\t\t\t<section class=\"elementor-section elementor-top-section elementor-element elementor-element-0a81dea elementor-section-full_width elementor-section-height-default elementor-section-height-default\" data-id=\"0a81dea\" data-element_type=\"section\" data-e-type=\"section\" data-settings=\"{&quot;background_background&quot;:&quot;classic&quot;}\">\n\t\t\t\t\t\t<div class=\"elementor-container elementor-column-gap-default\">\n\t\t\t\t\t<div class=\"elementor-column elementor-col-100 elementor-top-column elementor-element elementor-element-51edad7\" data-id=\"51edad7\" data-element_type=\"column\" data-e-type=\"column\" data-settings=\"{&quot;background_background&quot;:&quot;classic&quot;}\">\n\t\t\t<div class=\"elementor-widget-wrap elementor-element-populated\">\n\t\t\t\t\t\t<div class=\"elementor-element elementor-element-45e3743 elementor-widget elementor-widget-heading\" data-id=\"45e3743\" data-element_type=\"widget\" data-e-type=\"widget\" data-widget_type=\"heading.default\">\n\t\t\t\t<div class=\"elementor-widget-container\">\n\t\t\t\t\t<h1 class=\"elementor-heading-title elementor-size-default\">Why to walk with me?<\/h1>\t\t\t\t<\/div>\n\t\t\t\t<\/div>\n\t\t\t\t\t<\/div>\n\t\t<\/div>\n\t\t\t\t\t<\/div>\n\t\t<\/section>\n\t\t\t\t<section class=\"elementor-section elementor-top-section elementor-element elementor-element-6bfe8b0 elementor-section-boxed elementor-section-height-default elementor-section-height-default\" data-id=\"6bfe8b0\" data-element_type=\"section\" data-e-type=\"section\" data-settings=\"{&quot;background_background&quot;:&quot;classic&quot;}\">\n\t\t\t\t\t\t<div class=\"elementor-container elementor-column-gap-default\">\n\t\t\t\t\t<div class=\"elementor-column elementor-col-50 elementor-top-column elementor-element elementor-element-e71ce10\" data-id=\"e71ce10\" data-element_type=\"column\" data-e-type=\"column\">\n\t\t\t<div class=\"elementor-widget-wrap elementor-element-populated\">\n\t\t\t\t\t\t<div class=\"elementor-element elementor-element-b3ce95a elementor-widget__width-initial elementor-widget elementor-widget-image\" data-id=\"b3ce95a\" data-element_type=\"widget\" data-e-type=\"widget\" data-widget_type=\"image.default\">\n\t\t\t\t<div class=\"elementor-widget-container\">\n\t\t\t\t\t\t\t\t\t\t\t\t\t\t\t<img decoding=\"async\" src=\"https:\/\/www.filipknazek.eu\/wp-content\/uploads\/elementor\/thumbs\/prechadzky-preco-so-mnou_-scaled-q834pxadxh3u73d77do6nq4dxg18ysx4786a4laid0.jpg\" title=\"\" alt=\"\" loading=\"lazy\" \/>\t\t\t\t\t\t\t\t\t\t\t\t\t\t\t<\/div>\n\t\t\t\t<\/div>\n\t\t\t\t\t<\/div>\n\t\t<\/div>\n\t\t\t\t<div class=\"elementor-column elementor-col-50 elementor-top-column elementor-element elementor-element-dfde096\" data-id=\"dfde096\" data-element_type=\"column\" data-e-type=\"column\" data-settings=\"{&quot;background_background&quot;:&quot;classic&quot;}\">\n\t\t\t<div class=\"elementor-widget-wrap elementor-element-populated\">\n\t\t\t\t\t\t<div class=\"elementor-element elementor-element-86b2fb7 elementor-widget__width-initial elementor-widget elementor-widget-text-editor\" data-id=\"86b2fb7\" data-element_type=\"widget\" data-e-type=\"widget\" data-widget_type=\"text-editor.default\">\n\t\t\t\t<div class=\"elementor-widget-container\">\n\t\t\t\t\t\t\t\t\t<p><strong>Principles and methodologies the walks are based on:<\/strong><\/p><ul><li>appreciation and trust in nature (shin-rin-yoku; forest mind\/forest bathing)<\/li><li>presence and mindfulness - slowing down and slow pace (no rushing)<\/li><li>coaching techniques<\/li><li>safe environment<\/li><li>respect of diversity and personal boundaries<\/li><li>partner, friendly and non-hierarchical approach - we are all human beings with different emotions and needs, which are all valid<\/li><li>communication and self-developlment soft-skills techniques coming from non-formal education<\/li><li>techniques and methods based on stress management, emotional intelligence and non-violent communication<\/li><li>discretion and confidentiality<\/li><\/ul><p>* for more information about the methodologies see <a style=\"font-size: 15px;\" href=\"https:\/\/www.filipknazek.eu\/en\/facilitation\/\" target=\"_blank\" rel=\"noopener\"><u><b>facilitation<\/b><\/u><\/a><\/p><p>During walks with individuals, I mainly use various coaching techniques based on therapy in nature and eco-coaching<\/p>\t\t\t\t\t\t\t\t<\/div>\n\t\t\t\t<\/div>\n\t\t\t\t\t<\/div>\n\t\t<\/div>\n\t\t\t\t\t<\/div>\n\t\t<\/section>\n\t\t\t\t<section class=\"elementor-section elementor-top-section elementor-element elementor-element-6342df1 elementor-section-boxed elementor-section-height-default elementor-section-height-default\" data-id=\"6342df1\" data-element_type=\"section\" data-e-type=\"section\" data-settings=\"{&quot;background_background&quot;:&quot;classic&quot;}\">\n\t\t\t\t\t\t<div class=\"elementor-container elementor-column-gap-default\">\n\t\t\t\t\t<div class=\"elementor-column elementor-col-100 elementor-top-column elementor-element elementor-element-26670f8\" data-id=\"26670f8\" data-element_type=\"column\" data-e-type=\"column\">\n\t\t\t<div class=\"elementor-widget-wrap elementor-element-populated\">\n\t\t\t\t\t\t<div class=\"elementor-element elementor-element-4a549a1 elementor-widget elementor-widget-heading\" data-id=\"4a549a1\" data-element_type=\"widget\" data-e-type=\"widget\" data-widget_type=\"heading.default\">\n\t\t\t\t<div class=\"elementor-widget-container\">\n\t\t\t\t\t<h1 class=\"elementor-heading-title elementor-size-large\">Need help? Contact me<\/h1>\t\t\t\t<\/div>\n\t\t\t\t<\/div>\n\t\t\t\t<div class=\"elementor-element elementor-element-39e4daa elementor-hidden-desktop elementor-hidden-tablet elementor-hidden-mobile elementor-widget elementor-widget-shortcode\" data-id=\"39e4daa\" data-element_type=\"widget\" data-e-type=\"widget\" data-widget_type=\"shortcode.default\">\n\t\t\t\t<div class=\"elementor-widget-container\">\n\t\t\t\t\t\t\t<div class=\"elementor-shortcode\">[contact-form-7 id=\"35d5774\" title=\"Contact form 1\"]<\/div>\n\t\t\t\t\t\t<\/div>\n\t\t\t\t<\/div>\n\t\t\t\t\t<\/div>\n\t\t<\/div>\n\t\t\t\t\t<\/div>\n\t\t<\/section>\n\t\t\t\t<\/div>","protected":false},"excerpt":{"rendered":"<p>How the walk works What to expect Basic information about the walks and their aims The walks are for any adult who is not afraid of nature. I organise walks for members of the public, where new and unfamiliar people can meet and be inspired by each other; I also organise walks for closed groups, work teams, close friends or families, couples and individuals. [...]<\/p>","protected":false},"author":12,"featured_media":0,"parent":0,"menu_order":0,"comment_status":"closed","ping_status":"closed","template":"","meta":{"inline_featured_image":false,"footnotes":""},"class_list":["post-1678","page","type-page","status-publish","hentry","entry"],"yoast_head":"<!-- This site is optimized with the Yoast SEO plugin v27.4 - https:\/\/yoast.com\/product\/yoast-seo-wordpress\/ -->\n<title>Ako prech\u00e1dzka prebieha - Filip K\u0148a\u017eek<\/title>\n<meta name=\"robots\" content=\"index, follow, max-snippet:-1, max-image-preview:large, max-video-preview:-1\" \/>\n<link rel=\"canonical\" href=\"https:\/\/www.filipknazek.eu\/en\/how-does-it-work\/\" \/>\n<meta property=\"og:locale\" content=\"en_GB\" \/>\n<meta property=\"og:type\" content=\"article\" \/>\n<meta property=\"og:title\" content=\"Ako prech\u00e1dzka prebieha - Filip K\u0148a\u017eek\" \/>\n<meta property=\"og:description\" content=\"Ako prech\u00e1dzka prebieha \u010co m\u00f4\u017eete o\u010dak\u00e1va\u0165 Z\u00e1kladn\u00e9 inform\u00e1cie o prech\u00e1dzkach a ich cie\u013eoch Prech\u00e1dzky s\u00fa pre ka\u017ed\u00e9ho dospel\u00e9ho, kto sa neboj\u00ed pr\u00edrody. Prech\u00e1dzky organizujem pre verejnos\u0165, kde sa stretn\u00fa nov\u00ed, nezn\u00e1mi \u013eudia a m\u00f4\u017eu sa tak navz\u00e1jom in\u0161pirova\u0165; z\u00e1rove\u0148 aj pre uzavret\u00e9 skupiny, t\u00edmy z pr\u00e1ce, bl\u00edzkych kamar\u00e1tov, \u010di rodiny, p\u00e1ry, ale aj pre jednotlivcov. [&hellip;]\" \/>\n<meta property=\"og:url\" content=\"https:\/\/www.filipknazek.eu\/en\/how-does-it-work\/\" \/>\n<meta property=\"og:site_name\" content=\"Filip K\u0148a\u017eek\" \/>\n<meta property=\"article:modified_time\" content=\"2024-06-03T09:38:08+00:00\" \/>\n<meta property=\"og:image\" content=\"https:\/\/www.filipknazek.eu\/wp-content\/uploads\/elementor\/thumbs\/IMG_0094-qk8rgja22l4s1jgdzcx70prexu96qdz5ilnz7edu48.jpeg\" \/>\n<meta name=\"twitter:card\" content=\"summary_large_image\" \/>\n<meta name=\"twitter:label1\" content=\"Estimated reading time\" \/>\n\t<meta name=\"twitter:data1\" content=\"2 minutes\" \/>\n<script type=\"application\/ld+json\" class=\"yoast-schema-graph\">{\"@context\":\"https:\\\/\\\/schema.org\",\"@graph\":[{\"@type\":\"WebPage\",\"@id\":\"https:\\\/\\\/www.filipknazek.eu\\\/ako-prechadzka-prebieha\\\/\",\"url\":\"https:\\\/\\\/www.filipknazek.eu\\\/ako-prechadzka-prebieha\\\/\",\"name\":\"Ako prech\u00e1dzka prebieha - Filip K\u0148a\u017eek\",\"isPartOf\":{\"@id\":\"https:\\\/\\\/www.filipknazek.eu\\\/#website\"},\"primaryImageOfPage\":{\"@id\":\"https:\\\/\\\/www.filipknazek.eu\\\/ako-prechadzka-prebieha\\\/#primaryimage\"},\"image\":{\"@id\":\"https:\\\/\\\/www.filipknazek.eu\\\/ako-prechadzka-prebieha\\\/#primaryimage\"},\"thumbnailUrl\":\"https:\\\/\\\/www.filipknazek.eu\\\/wp-content\\\/uploads\\\/elementor\\\/thumbs\\\/IMG_0094-qk8rgja22l4s1jgdzcx70prexu96qdz5ilnz7edu48.jpeg\",\"datePublished\":\"2023-05-22T20:43:54+00:00\",\"dateModified\":\"2024-06-03T09:38:08+00:00\",\"breadcrumb\":{\"@id\":\"https:\\\/\\\/www.filipknazek.eu\\\/ako-prechadzka-prebieha\\\/#breadcrumb\"},\"inLanguage\":\"en-GB\",\"potentialAction\":[{\"@type\":\"ReadAction\",\"target\":[\"https:\\\/\\\/www.filipknazek.eu\\\/ako-prechadzka-prebieha\\\/\"]}]},{\"@type\":\"ImageObject\",\"inLanguage\":\"en-GB\",\"@id\":\"https:\\\/\\\/www.filipknazek.eu\\\/ako-prechadzka-prebieha\\\/#primaryimage\",\"url\":\"https:\\\/\\\/www.filipknazek.eu\\\/wp-content\\\/uploads\\\/elementor\\\/thumbs\\\/IMG_0094-qk8rgja22l4s1jgdzcx70prexu96qdz5ilnz7edu48.jpeg\",\"contentUrl\":\"https:\\\/\\\/www.filipknazek.eu\\\/wp-content\\\/uploads\\\/elementor\\\/thumbs\\\/IMG_0094-qk8rgja22l4s1jgdzcx70prexu96qdz5ilnz7edu48.jpeg\"},{\"@type\":\"BreadcrumbList\",\"@id\":\"https:\\\/\\\/www.filipknazek.eu\\\/ako-prechadzka-prebieha\\\/#breadcrumb\",\"itemListElement\":[{\"@type\":\"ListItem\",\"position\":1,\"name\":\"Dom\u016f\",\"item\":\"https:\\\/\\\/www.filipknazek.eu\\\/\"},{\"@type\":\"ListItem\",\"position\":2,\"name\":\"Ako prech\u00e1dzka prebieha\"}]},{\"@type\":\"WebSite\",\"@id\":\"https:\\\/\\\/www.filipknazek.eu\\\/#website\",\"url\":\"https:\\\/\\\/www.filipknazek.eu\\\/\",\"name\":\"Filip K\u0148a\u017eek\",\"description\":\"osobnostn\u00ed rozvoj, p\u0159\u00edroda, facilitace, kou\u010dink, neform\u00e1ln\u00ed vzd\u011bl\u00e1v\u00e1n\u00ed, pohyb\",\"publisher\":{\"@id\":\"https:\\\/\\\/www.filipknazek.eu\\\/#\\\/schema\\\/person\\\/2a1b7e70ac5e1ba04adc7f4df7e2aa0d\"},\"potentialAction\":[{\"@type\":\"SearchAction\",\"target\":{\"@type\":\"EntryPoint\",\"urlTemplate\":\"https:\\\/\\\/www.filipknazek.eu\\\/?s={search_term_string}\"},\"query-input\":{\"@type\":\"PropertyValueSpecification\",\"valueRequired\":true,\"valueName\":\"search_term_string\"}}],\"inLanguage\":\"en-GB\"},{\"@type\":[\"Person\",\"Organization\"],\"@id\":\"https:\\\/\\\/www.filipknazek.eu\\\/#\\\/schema\\\/person\\\/2a1b7e70ac5e1ba04adc7f4df7e2aa0d\",\"name\":\"Filip K\u0148a\u017eek\",\"image\":{\"@type\":\"ImageObject\",\"inLanguage\":\"en-GB\",\"@id\":\"https:\\\/\\\/www.filipknazek.eu\\\/wp-content\\\/uploads\\\/2023\\\/03\\\/IMG_1504-2-scaled.jpg\",\"url\":\"https:\\\/\\\/www.filipknazek.eu\\\/wp-content\\\/uploads\\\/2023\\\/03\\\/IMG_1504-2-scaled.jpg\",\"contentUrl\":\"https:\\\/\\\/www.filipknazek.eu\\\/wp-content\\\/uploads\\\/2023\\\/03\\\/IMG_1504-2-scaled.jpg\",\"width\":1944,\"height\":2048,\"caption\":\"Filip K\u0148a\u017eek\"},\"logo\":{\"@id\":\"https:\\\/\\\/www.filipknazek.eu\\\/wp-content\\\/uploads\\\/2023\\\/03\\\/IMG_1504-2-scaled.jpg\"}}]}<\/script>\n<!-- \/ Yoast SEO plugin. -->","yoast_head_json":{"title":"Ako prech\u00e1dzka prebieha - Filip K\u0148a\u017eek","robots":{"index":"index","follow":"follow","max-snippet":"max-snippet:-1","max-image-preview":"max-image-preview:large","max-video-preview":"max-video-preview:-1"},"canonical":"https:\/\/www.filipknazek.eu\/en\/how-does-it-work\/","og_locale":"en_GB","og_type":"article","og_title":"Ako prech\u00e1dzka prebieha - Filip K\u0148a\u017eek","og_description":"Ako prech\u00e1dzka prebieha \u010co m\u00f4\u017eete o\u010dak\u00e1va\u0165 Z\u00e1kladn\u00e9 inform\u00e1cie o prech\u00e1dzkach a ich cie\u013eoch Prech\u00e1dzky s\u00fa pre ka\u017ed\u00e9ho dospel\u00e9ho, kto sa neboj\u00ed pr\u00edrody. Prech\u00e1dzky organizujem pre verejnos\u0165, kde sa stretn\u00fa nov\u00ed, nezn\u00e1mi \u013eudia a m\u00f4\u017eu sa tak navz\u00e1jom in\u0161pirova\u0165; z\u00e1rove\u0148 aj pre uzavret\u00e9 skupiny, t\u00edmy z pr\u00e1ce, bl\u00edzkych kamar\u00e1tov, \u010di rodiny, p\u00e1ry, ale aj pre jednotlivcov. [&hellip;]","og_url":"https:\/\/www.filipknazek.eu\/en\/how-does-it-work\/","og_site_name":"Filip K\u0148a\u017eek","article_modified_time":"2024-06-03T09:38:08+00:00","og_image":[{"url":"https:\/\/www.filipknazek.eu\/wp-content\/uploads\/elementor\/thumbs\/IMG_0094-qk8rgja22l4s1jgdzcx70prexu96qdz5ilnz7edu48.jpeg","type":"","width":"","height":""}],"twitter_card":"summary_large_image","twitter_misc":{"Estimated reading time":"2 minutes"},"schema":{"@context":"https:\/\/schema.org","@graph":[{"@type":"WebPage","@id":"https:\/\/www.filipknazek.eu\/ako-prechadzka-prebieha\/","url":"https:\/\/www.filipknazek.eu\/ako-prechadzka-prebieha\/","name":"Ako prech\u00e1dzka prebieha - Filip K\u0148a\u017eek","isPartOf":{"@id":"https:\/\/www.filipknazek.eu\/#website"},"primaryImageOfPage":{"@id":"https:\/\/www.filipknazek.eu\/ako-prechadzka-prebieha\/#primaryimage"},"image":{"@id":"https:\/\/www.filipknazek.eu\/ako-prechadzka-prebieha\/#primaryimage"},"thumbnailUrl":"https:\/\/www.filipknazek.eu\/wp-content\/uploads\/elementor\/thumbs\/IMG_0094-qk8rgja22l4s1jgdzcx70prexu96qdz5ilnz7edu48.jpeg","datePublished":"2023-05-22T20:43:54+00:00","dateModified":"2024-06-03T09:38:08+00:00","breadcrumb":{"@id":"https:\/\/www.filipknazek.eu\/ako-prechadzka-prebieha\/#breadcrumb"},"inLanguage":"en-GB","potentialAction":[{"@type":"ReadAction","target":["https:\/\/www.filipknazek.eu\/ako-prechadzka-prebieha\/"]}]},{"@type":"ImageObject","inLanguage":"en-GB","@id":"https:\/\/www.filipknazek.eu\/ako-prechadzka-prebieha\/#primaryimage","url":"https:\/\/www.filipknazek.eu\/wp-content\/uploads\/elementor\/thumbs\/IMG_0094-qk8rgja22l4s1jgdzcx70prexu96qdz5ilnz7edu48.jpeg","contentUrl":"https:\/\/www.filipknazek.eu\/wp-content\/uploads\/elementor\/thumbs\/IMG_0094-qk8rgja22l4s1jgdzcx70prexu96qdz5ilnz7edu48.jpeg"},{"@type":"BreadcrumbList","@id":"https:\/\/www.filipknazek.eu\/ako-prechadzka-prebieha\/#breadcrumb","itemListElement":[{"@type":"ListItem","position":1,"name":"Dom\u016f","item":"https:\/\/www.filipknazek.eu\/"},{"@type":"ListItem","position":2,"name":"Ako prech\u00e1dzka prebieha"}]},{"@type":"WebSite","@id":"https:\/\/www.filipknazek.eu\/#website","url":"https:\/\/www.filipknazek.eu\/","name":"Filip K\u0148a\u017eek","description":"osobnostn\u00ed rozvoj, p\u0159\u00edroda, facilitace, kou\u010dink, neform\u00e1ln\u00ed vzd\u011bl\u00e1v\u00e1n\u00ed, pohyb","publisher":{"@id":"https:\/\/www.filipknazek.eu\/#\/schema\/person\/2a1b7e70ac5e1ba04adc7f4df7e2aa0d"},"potentialAction":[{"@type":"SearchAction","target":{"@type":"EntryPoint","urlTemplate":"https:\/\/www.filipknazek.eu\/?s={search_term_string}"},"query-input":{"@type":"PropertyValueSpecification","valueRequired":true,"valueName":"search_term_string"}}],"inLanguage":"en-GB"},{"@type":["Person","Organization"],"@id":"https:\/\/www.filipknazek.eu\/#\/schema\/person\/2a1b7e70ac5e1ba04adc7f4df7e2aa0d","name":"Filip K\u0148a\u017eek","image":{"@type":"ImageObject","inLanguage":"en-GB","@id":"https:\/\/www.filipknazek.eu\/wp-content\/uploads\/2023\/03\/IMG_1504-2-scaled.jpg","url":"https:\/\/www.filipknazek.eu\/wp-content\/uploads\/2023\/03\/IMG_1504-2-scaled.jpg","contentUrl":"https:\/\/www.filipknazek.eu\/wp-content\/uploads\/2023\/03\/IMG_1504-2-scaled.jpg","width":1944,"height":2048,"caption":"Filip K\u0148a\u017eek"},"logo":{"@id":"https:\/\/www.filipknazek.eu\/wp-content\/uploads\/2023\/03\/IMG_1504-2-scaled.jpg"}}]}},"_links":{"self":[{"href":"https:\/\/www.filipknazek.eu\/en\/wp-json\/wp\/v2\/pages\/1678","targetHints":{"allow":["GET"]}}],"collection":[{"href":"https:\/\/www.filipknazek.eu\/en\/wp-json\/wp\/v2\/pages"}],"about":[{"href":"https:\/\/www.filipknazek.eu\/en\/wp-json\/wp\/v2\/types\/page"}],"author":[{"embeddable":true,"href":"https:\/\/www.filipknazek.eu\/en\/wp-json\/wp\/v2\/users\/12"}],"replies":[{"embeddable":true,"href":"https:\/\/www.filipknazek.eu\/en\/wp-json\/wp\/v2\/comments?post=1678"}],"version-history":[{"count":159,"href":"https:\/\/www.filipknazek.eu\/en\/wp-json\/wp\/v2\/pages\/1678\/revisions"}],"predecessor-version":[{"id":4356,"href":"https:\/\/www.filipknazek.eu\/en\/wp-json\/wp\/v2\/pages\/1678\/revisions\/4356"}],"wp:attachment":[{"href":"https:\/\/www.filipknazek.eu\/en\/wp-json\/wp\/v2\/media?parent=1678"}],"curies":[{"name":"wp","href":"https:\/\/api.w.org\/{rel}","templated":true}]}}