{"id":1163,"date":"2023-03-02T11:10:56","date_gmt":"2023-03-02T10:10:56","guid":{"rendered":"https:\/\/www.filipknazek.eu\/?page_id=1163"},"modified":"2023-03-02T11:10:56","modified_gmt":"2023-03-02T10:10:56","slug":"kosik","status":"publish","type":"page","link":"https:\/\/www.filipknazek.eu\/sk\/kosik\/","title":{"rendered":"Ko\u0161\u00edk"},"content":{"rendered":"<p>[woocommerce_cart]<\/p>\n","protected":false},"excerpt":{"rendered":"","protected":false},"author":1,"featured_media":0,"parent":0,"menu_order":0,"comment_status":"closed","ping_status":"closed","template":"","meta":{"inline_featured_image":false,"footnotes":""},"class_list":["post-1163","page","type-page","status-publish","hentry","entry"],"yoast_head":"<!-- This site is optimized with the Yoast SEO plugin v27.5 - https:\/\/yoast.com\/product\/yoast-seo-wordpress\/ -->\n<title>Ko\u0161\u00edk - Filip K\u0148a\u017eek<\/title>\n<meta name=\"robots\" content=\"index, follow, max-snippet:-1, max-image-preview:large, max-video-preview:-1\" \/>\n<link rel=\"canonical\" href=\"https:\/\/www.filipknazek.eu\/sk\/kosik\/\" \/>\n<meta property=\"og:locale\" content=\"sk_SK\" \/>\n<meta property=\"og:type\" content=\"article\" \/>\n<meta property=\"og:title\" content=\"Ko\u0161\u00edk - Filip K\u0148a\u017eek\" \/>\n<meta property=\"og:url\" content=\"https:\/\/www.filipknazek.eu\/sk\/kosik\/\" \/>\n<meta property=\"og:site_name\" content=\"Filip K\u0148a\u017eek\" \/>\n<meta property=\"og:image\" content=\"https:\/\/www.filipknazek.eu\/wp-content\/uploads\/2023\/06\/uvodni_orez-scaled.jpg\" \/>\n\t<meta property=\"og:image:width\" content=\"2560\" \/>\n\t<meta property=\"og:image:height\" content=\"1551\" \/>\n\t<meta property=\"og:image:type\" content=\"image\/jpeg\" \/>\n<meta name=\"twitter:card\" content=\"summary_large_image\" \/>\n<script type=\"application\/ld+json\" class=\"yoast-schema-graph\">{\"@context\":\"https:\\\/\\\/schema.org\",\"@graph\":[{\"@type\":\"WebPage\",\"@id\":\"https:\\\/\\\/www.filipknazek.eu\\\/kosik\\\/\",\"url\":\"https:\\\/\\\/www.filipknazek.eu\\\/kosik\\\/\",\"name\":\"Ko\u0161\u00edk - Filip K\u0148a\u017eek\",\"isPartOf\":{\"@id\":\"https:\\\/\\\/www.filipknazek.eu\\\/#website\"},\"datePublished\":\"2023-03-02T10:10:56+00:00\",\"breadcrumb\":{\"@id\":\"https:\\\/\\\/www.filipknazek.eu\\\/kosik\\\/#breadcrumb\"},\"inLanguage\":\"sk-SK\",\"potentialAction\":[{\"@type\":\"ReadAction\",\"target\":[\"https:\\\/\\\/www.filipknazek.eu\\\/kosik\\\/\"]}]},{\"@type\":\"BreadcrumbList\",\"@id\":\"https:\\\/\\\/www.filipknazek.eu\\\/kosik\\\/#breadcrumb\",\"itemListElement\":[{\"@type\":\"ListItem\",\"position\":1,\"name\":\"Dom\u016f\",\"item\":\"https:\\\/\\\/www.filipknazek.eu\\\/\"},{\"@type\":\"ListItem\",\"position\":2,\"name\":\"Ko\u0161\u00edk\"}]},{\"@type\":\"WebSite\",\"@id\":\"https:\\\/\\\/www.filipknazek.eu\\\/#website\",\"url\":\"https:\\\/\\\/www.filipknazek.eu\\\/\",\"name\":\"Filip K\u0148a\u017eek\",\"description\":\"osobnostn\u00ed rozvoj, p\u0159\u00edroda, facilitace, kou\u010dink, neform\u00e1ln\u00ed vzd\u011bl\u00e1v\u00e1n\u00ed, pohyb\",\"publisher\":{\"@id\":\"https:\\\/\\\/www.filipknazek.eu\\\/#\\\/schema\\\/person\\\/2a1b7e70ac5e1ba04adc7f4df7e2aa0d\"},\"potentialAction\":[{\"@type\":\"SearchAction\",\"target\":{\"@type\":\"EntryPoint\",\"urlTemplate\":\"https:\\\/\\\/www.filipknazek.eu\\\/?s={search_term_string}\"},\"query-input\":{\"@type\":\"PropertyValueSpecification\",\"valueRequired\":true,\"valueName\":\"search_term_string\"}}],\"inLanguage\":\"sk-SK\"},{\"@type\":[\"Person\",\"Organization\"],\"@id\":\"https:\\\/\\\/www.filipknazek.eu\\\/#\\\/schema\\\/person\\\/2a1b7e70ac5e1ba04adc7f4df7e2aa0d\",\"name\":\"Filip K\u0148a\u017eek\",\"image\":{\"@type\":\"ImageObject\",\"inLanguage\":\"sk-SK\",\"@id\":\"https:\\\/\\\/www.filipknazek.eu\\\/wp-content\\\/uploads\\\/2023\\\/03\\\/IMG_1504-2-scaled.jpg\",\"url\":\"https:\\\/\\\/www.filipknazek.eu\\\/wp-content\\\/uploads\\\/2023\\\/03\\\/IMG_1504-2-scaled.jpg\",\"contentUrl\":\"https:\\\/\\\/www.filipknazek.eu\\\/wp-content\\\/uploads\\\/2023\\\/03\\\/IMG_1504-2-scaled.jpg\",\"width\":1944,\"height\":2048,\"caption\":\"Filip K\u0148a\u017eek\"},\"logo\":{\"@id\":\"https:\\\/\\\/www.filipknazek.eu\\\/wp-content\\\/uploads\\\/2023\\\/03\\\/IMG_1504-2-scaled.jpg\"}}]}<\/script>\n<!-- \/ Yoast SEO plugin. -->","yoast_head_json":{"title":"Ko\u0161\u00edk - Filip K\u0148a\u017eek","robots":{"index":"index","follow":"follow","max-snippet":"max-snippet:-1","max-image-preview":"max-image-preview:large","max-video-preview":"max-video-preview:-1"},"canonical":"https:\/\/www.filipknazek.eu\/sk\/kosik\/","og_locale":"sk_SK","og_type":"article","og_title":"Ko\u0161\u00edk - Filip K\u0148a\u017eek","og_url":"https:\/\/www.filipknazek.eu\/sk\/kosik\/","og_site_name":"Filip K\u0148a\u017eek","og_image":[{"width":2560,"height":1551,"url":"https:\/\/www.filipknazek.eu\/wp-content\/uploads\/2023\/06\/uvodni_orez-scaled.jpg","type":"image\/jpeg"}],"twitter_card":"summary_large_image","schema":{"@context":"https:\/\/schema.org","@graph":[{"@type":"WebPage","@id":"https:\/\/www.filipknazek.eu\/kosik\/","url":"https:\/\/www.filipknazek.eu\/kosik\/","name":"Ko\u0161\u00edk - Filip K\u0148a\u017eek","isPartOf":{"@id":"https:\/\/www.filipknazek.eu\/#website"},"datePublished":"2023-03-02T10:10:56+00:00","breadcrumb":{"@id":"https:\/\/www.filipknazek.eu\/kosik\/#breadcrumb"},"inLanguage":"sk-SK","potentialAction":[{"@type":"ReadAction","target":["https:\/\/www.filipknazek.eu\/kosik\/"]}]},{"@type":"BreadcrumbList","@id":"https:\/\/www.filipknazek.eu\/kosik\/#breadcrumb","itemListElement":[{"@type":"ListItem","position":1,"name":"Dom\u016f","item":"https:\/\/www.filipknazek.eu\/"},{"@type":"ListItem","position":2,"name":"Ko\u0161\u00edk"}]},{"@type":"WebSite","@id":"https:\/\/www.filipknazek.eu\/#website","url":"https:\/\/www.filipknazek.eu\/","name":"Filip K\u0148a\u017eek","description":"osobnostn\u00ed rozvoj, p\u0159\u00edroda, facilitace, kou\u010dink, neform\u00e1ln\u00ed vzd\u011bl\u00e1v\u00e1n\u00ed, pohyb","publisher":{"@id":"https:\/\/www.filipknazek.eu\/#\/schema\/person\/2a1b7e70ac5e1ba04adc7f4df7e2aa0d"},"potentialAction":[{"@type":"SearchAction","target":{"@type":"EntryPoint","urlTemplate":"https:\/\/www.filipknazek.eu\/?s={search_term_string}"},"query-input":{"@type":"PropertyValueSpecification","valueRequired":true,"valueName":"search_term_string"}}],"inLanguage":"sk-SK"},{"@type":["Person","Organization"],"@id":"https:\/\/www.filipknazek.eu\/#\/schema\/person\/2a1b7e70ac5e1ba04adc7f4df7e2aa0d","name":"Filip K\u0148a\u017eek","image":{"@type":"ImageObject","inLanguage":"sk-SK","@id":"https:\/\/www.filipknazek.eu\/wp-content\/uploads\/2023\/03\/IMG_1504-2-scaled.jpg","url":"https:\/\/www.filipknazek.eu\/wp-content\/uploads\/2023\/03\/IMG_1504-2-scaled.jpg","contentUrl":"https:\/\/www.filipknazek.eu\/wp-content\/uploads\/2023\/03\/IMG_1504-2-scaled.jpg","width":1944,"height":2048,"caption":"Filip K\u0148a\u017eek"},"logo":{"@id":"https:\/\/www.filipknazek.eu\/wp-content\/uploads\/2023\/03\/IMG_1504-2-scaled.jpg"}}]}},"_links":{"self":[{"href":"https:\/\/www.filipknazek.eu\/sk\/wp-json\/wp\/v2\/pages\/1163","targetHints":{"allow":["GET"]}}],"collection":[{"href":"https:\/\/www.filipknazek.eu\/sk\/wp-json\/wp\/v2\/pages"}],"about":[{"href":"https:\/\/www.filipknazek.eu\/sk\/wp-json\/wp\/v2\/types\/page"}],"author":[{"embeddable":true,"href":"https:\/\/www.filipknazek.eu\/sk\/wp-json\/wp\/v2\/users\/1"}],"replies":[{"embeddable":true,"href":"https:\/\/www.filipknazek.eu\/sk\/wp-json\/wp\/v2\/comments?post=1163"}],"version-history":[{"count":0,"href":"https:\/\/www.filipknazek.eu\/sk\/wp-json\/wp\/v2\/pages\/1163\/revisions"}],"wp:attachment":[{"href":"https:\/\/www.filipknazek.eu\/sk\/wp-json\/wp\/v2\/media?parent=1163"}],"curies":[{"name":"wp","href":"https:\/\/api.w.org\/{rel}","templated":true}]}}