{"id":4078,"date":"2023-12-29T16:58:35","date_gmt":"2023-12-29T15:58:35","guid":{"rendered":"https:\/\/www.filipknazek.eu\/?page_id=4078"},"modified":"2024-02-23T23:14:22","modified_gmt":"2024-02-23T22:14:22","slug":"kontakt","status":"publish","type":"page","link":"https:\/\/www.filipknazek.eu\/sk\/kontakt\/","title":{"rendered":"Kontakt"},"content":{"rendered":"\t\t<div data-elementor-type=\"wp-page\" data-elementor-id=\"4078\" class=\"elementor elementor-4078\" data-elementor-post-type=\"page\">\n\t\t\t\t\t\t<section class=\"elementor-section elementor-top-section elementor-element elementor-element-d4bab3f elementor-section-full_width elementor-section-height-min-height elementor-section-content-middle elementor-section-items-stretch elementor-section-height-default\" data-id=\"d4bab3f\" data-element_type=\"section\" data-e-type=\"section\" data-settings=\"{&quot;background_background&quot;:&quot;classic&quot;}\">\n\t\t\t\t\t\t<div class=\"elementor-container elementor-column-gap-default\">\n\t\t\t\t\t<div class=\"elementor-column elementor-col-100 elementor-top-column elementor-element elementor-element-90a7f42\" data-id=\"90a7f42\" data-element_type=\"column\" data-e-type=\"column\" data-settings=\"{&quot;background_background&quot;:&quot;slideshow&quot;,&quot;background_slideshow_gallery&quot;:[],&quot;background_slideshow_loop&quot;:&quot;yes&quot;,&quot;background_slideshow_slide_duration&quot;:5000,&quot;background_slideshow_slide_transition&quot;:&quot;fade&quot;,&quot;background_slideshow_transition_duration&quot;:500}\">\n\t\t\t<div class=\"elementor-widget-wrap elementor-element-populated\">\n\t\t\t\t\t\t<div class=\"elementor-element elementor-element-873f058 elementor-widget elementor-widget-heading\" data-id=\"873f058\" data-element_type=\"widget\" data-e-type=\"widget\" data-widget_type=\"heading.default\">\n\t\t\t\t<div class=\"elementor-widget-container\">\n\t\t\t\t\t<h1 class=\"elementor-heading-title elementor-size-default\">Kontaktujte ma<\/h1>\t\t\t\t<\/div>\n\t\t\t\t<\/div>\n\t\t\t\t\t<\/div>\n\t\t<\/div>\n\t\t\t\t\t<\/div>\n\t\t<\/section>\n\t\t\t\t<section class=\"elementor-section elementor-top-section elementor-element elementor-element-60f41a4 elementor-section-boxed elementor-section-height-default elementor-section-height-default\" data-id=\"60f41a4\" data-element_type=\"section\" data-e-type=\"section\" data-settings=\"{&quot;background_background&quot;:&quot;classic&quot;}\">\n\t\t\t\t\t\t<div class=\"elementor-container elementor-column-gap-default\">\n\t\t\t\t\t<div class=\"elementor-column elementor-col-100 elementor-top-column elementor-element elementor-element-0f59e6b\" data-id=\"0f59e6b\" data-element_type=\"column\" data-e-type=\"column\">\n\t\t\t<div class=\"elementor-widget-wrap elementor-element-populated\">\n\t\t\t\t\t\t<div class=\"elementor-element elementor-element-caf32b4 elementor-widget elementor-widget-heading\" data-id=\"caf32b4\" data-element_type=\"widget\" data-e-type=\"widget\" data-widget_type=\"heading.default\">\n\t\t\t\t<div class=\"elementor-widget-container\">\n\t\t\t\t\t<h1 class=\"elementor-heading-title elementor-size-large\">M\u00e1te z\u00e1ujem o spolupr\u00e1cu? Potrebujete poradi\u0165?<br>Ozvite sa! <\/h1>\t\t\t\t<\/div>\n\t\t\t\t<\/div>\n\t\t\t\t<div class=\"elementor-element elementor-element-0e12959 elementor-hidden-desktop elementor-hidden-tablet elementor-hidden-mobile elementor-widget elementor-widget-shortcode\" data-id=\"0e12959\" data-element_type=\"widget\" data-e-type=\"widget\" data-widget_type=\"shortcode.default\">\n\t\t\t\t<div class=\"elementor-widget-container\">\n\t\t\t\t\t\t\t<div class=\"elementor-shortcode\">[contact-form-7 id=\"35d5774\" title=\"Contact form 1\"]<\/div>\n\t\t\t\t\t\t<\/div>\n\t\t\t\t<\/div>\n\t\t\t\t\t<\/div>\n\t\t<\/div>\n\t\t\t\t\t<\/div>\n\t\t<\/section>\n\t\t\t\t<section class=\"elementor-section elementor-top-section elementor-element elementor-element-da03c00 elementor-section-boxed elementor-section-height-default elementor-section-height-default\" data-id=\"da03c00\" data-element_type=\"section\" data-e-type=\"section\" data-settings=\"{&quot;background_background&quot;:&quot;classic&quot;}\">\n\t\t\t\t\t\t<div class=\"elementor-container elementor-column-gap-default\">\n\t\t\t\t\t<div class=\"elementor-column elementor-col-100 elementor-top-column elementor-element elementor-element-e79add6\" data-id=\"e79add6\" data-element_type=\"column\" data-e-type=\"column\" data-settings=\"{&quot;background_background&quot;:&quot;classic&quot;}\">\n\t\t\t<div class=\"elementor-widget-wrap elementor-element-populated\">\n\t\t\t\t\t\t<div class=\"elementor-element elementor-element-3827d87 elementor-widget elementor-widget-text-editor\" data-id=\"3827d87\" data-element_type=\"widget\" data-e-type=\"widget\" data-widget_type=\"text-editor.default\">\n\t\t\t\t<div class=\"elementor-widget-container\">\n\t\t\t\t\t\t\t\t\t<h1><strong>filip.knazek@gmail.com<\/strong><\/h1><div><strong><br><\/strong><\/div>\n<h1><strong>+420776330522<\/strong><\/h1>\t\t\t\t\t\t\t\t<\/div>\n\t\t\t\t<\/div>\n\t\t\t\t\t<\/div>\n\t\t<\/div>\n\t\t\t\t\t<\/div>\n\t\t<\/section>\n\t\t\t\t<\/div>\n\t\t","protected":false},"excerpt":{"rendered":"<p>Kontaktujte ma M\u00e1te z\u00e1ujem o spolupr\u00e1cu? Potrebujete poradi\u0165?Ozvite sa! [contact-form-7 id=&#8220;35d5774&#8243; title=&#8220;Contact form 1&#8243;] filip.knazek@gmail.com +420776330522<\/p>\n","protected":false},"author":12,"featured_media":0,"parent":0,"menu_order":0,"comment_status":"closed","ping_status":"closed","template":"elementor_header_footer","meta":{"inline_featured_image":false,"footnotes":""},"class_list":["post-4078","page","type-page","status-publish","hentry","entry"],"yoast_head":"<!-- This site is optimized with the Yoast SEO plugin v27.3 - https:\/\/yoast.com\/product\/yoast-seo-wordpress\/ -->\n<title>Kontakt - Filip K\u0148a\u017eek<\/title>\n<meta name=\"robots\" content=\"index, follow, max-snippet:-1, max-image-preview:large, max-video-preview:-1\" \/>\n<link rel=\"canonical\" href=\"https:\/\/www.filipknazek.eu\/sk\/kontakt\/\" \/>\n<meta property=\"og:locale\" content=\"sk_SK\" \/>\n<meta property=\"og:type\" content=\"article\" \/>\n<meta property=\"og:title\" content=\"Kontakt - Filip K\u0148a\u017eek\" \/>\n<meta property=\"og:description\" content=\"Kontaktujte ma M\u00e1te z\u00e1ujem o spolupr\u00e1cu? Potrebujete poradi\u0165?Ozvite sa! [contact-form-7 id=&#8220;35d5774&#8243; title=&#8220;Contact form 1&#8243;] filip.knazek@gmail.com +420776330522\" \/>\n<meta property=\"og:url\" content=\"https:\/\/www.filipknazek.eu\/sk\/kontakt\/\" \/>\n<meta property=\"og:site_name\" content=\"Filip K\u0148a\u017eek\" \/>\n<meta property=\"article:modified_time\" content=\"2024-02-23T22:14:22+00:00\" \/>\n<meta property=\"og:image\" content=\"https:\/\/www.filipknazek.eu\/wp-content\/uploads\/2023\/06\/uvodni_orez-scaled.jpg\" \/>\n\t<meta property=\"og:image:width\" content=\"2560\" \/>\n\t<meta property=\"og:image:height\" content=\"1551\" \/>\n\t<meta property=\"og:image:type\" content=\"image\/jpeg\" \/>\n<meta name=\"twitter:card\" content=\"summary_large_image\" \/>\n<script type=\"application\/ld+json\" class=\"yoast-schema-graph\">{\"@context\":\"https:\\\/\\\/schema.org\",\"@graph\":[{\"@type\":\"WebPage\",\"@id\":\"https:\\\/\\\/www.filipknazek.eu\\\/kontakt\\\/\",\"url\":\"https:\\\/\\\/www.filipknazek.eu\\\/kontakt\\\/\",\"name\":\"Kontakt - Filip K\u0148a\u017eek\",\"isPartOf\":{\"@id\":\"https:\\\/\\\/www.filipknazek.eu\\\/#website\"},\"datePublished\":\"2023-12-29T15:58:35+00:00\",\"dateModified\":\"2024-02-23T22:14:22+00:00\",\"breadcrumb\":{\"@id\":\"https:\\\/\\\/www.filipknazek.eu\\\/kontakt\\\/#breadcrumb\"},\"inLanguage\":\"sk-SK\",\"potentialAction\":[{\"@type\":\"ReadAction\",\"target\":[\"https:\\\/\\\/www.filipknazek.eu\\\/kontakt\\\/\"]}]},{\"@type\":\"BreadcrumbList\",\"@id\":\"https:\\\/\\\/www.filipknazek.eu\\\/kontakt\\\/#breadcrumb\",\"itemListElement\":[{\"@type\":\"ListItem\",\"position\":1,\"name\":\"Dom\u016f\",\"item\":\"https:\\\/\\\/www.filipknazek.eu\\\/\"},{\"@type\":\"ListItem\",\"position\":2,\"name\":\"Kontakt\"}]},{\"@type\":\"WebSite\",\"@id\":\"https:\\\/\\\/www.filipknazek.eu\\\/#website\",\"url\":\"https:\\\/\\\/www.filipknazek.eu\\\/\",\"name\":\"Filip K\u0148a\u017eek\",\"description\":\"osobnostn\u00ed rozvoj, p\u0159\u00edroda, facilitace, kou\u010dink, neform\u00e1ln\u00ed vzd\u011bl\u00e1v\u00e1n\u00ed, pohyb\",\"publisher\":{\"@id\":\"https:\\\/\\\/www.filipknazek.eu\\\/#\\\/schema\\\/person\\\/2a1b7e70ac5e1ba04adc7f4df7e2aa0d\"},\"potentialAction\":[{\"@type\":\"SearchAction\",\"target\":{\"@type\":\"EntryPoint\",\"urlTemplate\":\"https:\\\/\\\/www.filipknazek.eu\\\/?s={search_term_string}\"},\"query-input\":{\"@type\":\"PropertyValueSpecification\",\"valueRequired\":true,\"valueName\":\"search_term_string\"}}],\"inLanguage\":\"sk-SK\"},{\"@type\":[\"Person\",\"Organization\"],\"@id\":\"https:\\\/\\\/www.filipknazek.eu\\\/#\\\/schema\\\/person\\\/2a1b7e70ac5e1ba04adc7f4df7e2aa0d\",\"name\":\"Filip K\u0148a\u017eek\",\"image\":{\"@type\":\"ImageObject\",\"inLanguage\":\"sk-SK\",\"@id\":\"https:\\\/\\\/www.filipknazek.eu\\\/wp-content\\\/uploads\\\/2023\\\/03\\\/IMG_1504-2-scaled.jpg\",\"url\":\"https:\\\/\\\/www.filipknazek.eu\\\/wp-content\\\/uploads\\\/2023\\\/03\\\/IMG_1504-2-scaled.jpg\",\"contentUrl\":\"https:\\\/\\\/www.filipknazek.eu\\\/wp-content\\\/uploads\\\/2023\\\/03\\\/IMG_1504-2-scaled.jpg\",\"width\":1944,\"height\":2048,\"caption\":\"Filip K\u0148a\u017eek\"},\"logo\":{\"@id\":\"https:\\\/\\\/www.filipknazek.eu\\\/wp-content\\\/uploads\\\/2023\\\/03\\\/IMG_1504-2-scaled.jpg\"}}]}<\/script>\n<!-- \/ Yoast SEO plugin. -->","yoast_head_json":{"title":"Kontakt - Filip K\u0148a\u017eek","robots":{"index":"index","follow":"follow","max-snippet":"max-snippet:-1","max-image-preview":"max-image-preview:large","max-video-preview":"max-video-preview:-1"},"canonical":"https:\/\/www.filipknazek.eu\/sk\/kontakt\/","og_locale":"sk_SK","og_type":"article","og_title":"Kontakt - Filip K\u0148a\u017eek","og_description":"Kontaktujte ma M\u00e1te z\u00e1ujem o spolupr\u00e1cu? Potrebujete poradi\u0165?Ozvite sa! [contact-form-7 id=&#8220;35d5774&#8243; title=&#8220;Contact form 1&#8243;] filip.knazek@gmail.com +420776330522","og_url":"https:\/\/www.filipknazek.eu\/sk\/kontakt\/","og_site_name":"Filip K\u0148a\u017eek","article_modified_time":"2024-02-23T22:14:22+00:00","og_image":[{"width":2560,"height":1551,"url":"https:\/\/www.filipknazek.eu\/wp-content\/uploads\/2023\/06\/uvodni_orez-scaled.jpg","type":"image\/jpeg"}],"twitter_card":"summary_large_image","schema":{"@context":"https:\/\/schema.org","@graph":[{"@type":"WebPage","@id":"https:\/\/www.filipknazek.eu\/kontakt\/","url":"https:\/\/www.filipknazek.eu\/kontakt\/","name":"Kontakt - Filip K\u0148a\u017eek","isPartOf":{"@id":"https:\/\/www.filipknazek.eu\/#website"},"datePublished":"2023-12-29T15:58:35+00:00","dateModified":"2024-02-23T22:14:22+00:00","breadcrumb":{"@id":"https:\/\/www.filipknazek.eu\/kontakt\/#breadcrumb"},"inLanguage":"sk-SK","potentialAction":[{"@type":"ReadAction","target":["https:\/\/www.filipknazek.eu\/kontakt\/"]}]},{"@type":"BreadcrumbList","@id":"https:\/\/www.filipknazek.eu\/kontakt\/#breadcrumb","itemListElement":[{"@type":"ListItem","position":1,"name":"Dom\u016f","item":"https:\/\/www.filipknazek.eu\/"},{"@type":"ListItem","position":2,"name":"Kontakt"}]},{"@type":"WebSite","@id":"https:\/\/www.filipknazek.eu\/#website","url":"https:\/\/www.filipknazek.eu\/","name":"Filip K\u0148a\u017eek","description":"osobnostn\u00ed rozvoj, p\u0159\u00edroda, facilitace, kou\u010dink, neform\u00e1ln\u00ed vzd\u011bl\u00e1v\u00e1n\u00ed, pohyb","publisher":{"@id":"https:\/\/www.filipknazek.eu\/#\/schema\/person\/2a1b7e70ac5e1ba04adc7f4df7e2aa0d"},"potentialAction":[{"@type":"SearchAction","target":{"@type":"EntryPoint","urlTemplate":"https:\/\/www.filipknazek.eu\/?s={search_term_string}"},"query-input":{"@type":"PropertyValueSpecification","valueRequired":true,"valueName":"search_term_string"}}],"inLanguage":"sk-SK"},{"@type":["Person","Organization"],"@id":"https:\/\/www.filipknazek.eu\/#\/schema\/person\/2a1b7e70ac5e1ba04adc7f4df7e2aa0d","name":"Filip K\u0148a\u017eek","image":{"@type":"ImageObject","inLanguage":"sk-SK","@id":"https:\/\/www.filipknazek.eu\/wp-content\/uploads\/2023\/03\/IMG_1504-2-scaled.jpg","url":"https:\/\/www.filipknazek.eu\/wp-content\/uploads\/2023\/03\/IMG_1504-2-scaled.jpg","contentUrl":"https:\/\/www.filipknazek.eu\/wp-content\/uploads\/2023\/03\/IMG_1504-2-scaled.jpg","width":1944,"height":2048,"caption":"Filip K\u0148a\u017eek"},"logo":{"@id":"https:\/\/www.filipknazek.eu\/wp-content\/uploads\/2023\/03\/IMG_1504-2-scaled.jpg"}}]}},"_links":{"self":[{"href":"https:\/\/www.filipknazek.eu\/sk\/wp-json\/wp\/v2\/pages\/4078","targetHints":{"allow":["GET"]}}],"collection":[{"href":"https:\/\/www.filipknazek.eu\/sk\/wp-json\/wp\/v2\/pages"}],"about":[{"href":"https:\/\/www.filipknazek.eu\/sk\/wp-json\/wp\/v2\/types\/page"}],"author":[{"embeddable":true,"href":"https:\/\/www.filipknazek.eu\/sk\/wp-json\/wp\/v2\/users\/12"}],"replies":[{"embeddable":true,"href":"https:\/\/www.filipknazek.eu\/sk\/wp-json\/wp\/v2\/comments?post=4078"}],"version-history":[{"count":26,"href":"https:\/\/www.filipknazek.eu\/sk\/wp-json\/wp\/v2\/pages\/4078\/revisions"}],"predecessor-version":[{"id":4171,"href":"https:\/\/www.filipknazek.eu\/sk\/wp-json\/wp\/v2\/pages\/4078\/revisions\/4171"}],"wp:attachment":[{"href":"https:\/\/www.filipknazek.eu\/sk\/wp-json\/wp\/v2\/media?parent=4078"}],"curies":[{"name":"wp","href":"https:\/\/api.w.org\/{rel}","templated":true}]}}